{"id":175,"date":"2024-04-09T17:10:22","date_gmt":"2024-04-09T17:10:22","guid":{"rendered":"https:\/\/angusdestinationneuroinclusive.com\/?page_id=175"},"modified":"2024-04-09T17:11:01","modified_gmt":"2024-04-09T17:11:01","slug":"avantages-pour-les-personnes-autistes","status":"publish","type":"page","link":"https:\/\/angusdestinationneuroinclusive.com\/index.php\/avantages-pour-les-personnes-autistes\/","title":{"rendered":"Avantages pour les personnes autistes"},"content":{"rendered":"\t\t<div data-elementor-type=\"wp-page\" data-elementor-id=\"175\" class=\"elementor elementor-175\" data-elementor-post-type=\"page\">\n\t\t\t\t<div class=\"elementor-element elementor-element-6d09bc2c e-flex e-con-boxed e-con e-parent\" data-id=\"6d09bc2c\" data-element_type=\"container\" data-settings=\"{&quot;content_width&quot;:&quot;boxed&quot;}\" data-core-v316-plus=\"true\">\n\t\t\t\t\t<div class=\"e-con-inner\">\n\t\t\t\t\t<\/div>\n\t\t\t\t<\/div>\n\t\t<div class=\"elementor-element elementor-element-449a4acf e-flex e-con-boxed e-con e-parent\" data-id=\"449a4acf\" data-element_type=\"container\" data-settings=\"{&quot;content_width&quot;:&quot;boxed&quot;}\" data-core-v316-plus=\"true\">\n\t\t\t\t\t<div class=\"e-con-inner\">\n\t\t\t\t<div class=\"elementor-element elementor-element-284b1d8c elementor-widget elementor-widget-spacer\" data-id=\"284b1d8c\" data-element_type=\"widget\" data-widget_type=\"spacer.default\">\n\t\t\t\t<div class=\"elementor-widget-container\">\n\t\t\t<style>\/*! elementor - v3.19.0 - 07-02-2024 *\/\n.elementor-column .elementor-spacer-inner{height:var(--spacer-size)}.e-con{--container-widget-width:100%}.e-con-inner>.elementor-widget-spacer,.e-con>.elementor-widget-spacer{width:var(--container-widget-width,var(--spacer-size));--align-self:var(--container-widget-align-self,initial);--flex-shrink:0}.e-con-inner>.elementor-widget-spacer>.elementor-widget-container,.e-con>.elementor-widget-spacer>.elementor-widget-container{height:100%;width:100%}.e-con-inner>.elementor-widget-spacer>.elementor-widget-container>.elementor-spacer,.e-con>.elementor-widget-spacer>.elementor-widget-container>.elementor-spacer{height:100%}.e-con-inner>.elementor-widget-spacer>.elementor-widget-container>.elementor-spacer>.elementor-spacer-inner,.e-con>.elementor-widget-spacer>.elementor-widget-container>.elementor-spacer>.elementor-spacer-inner{height:var(--container-widget-height,var(--spacer-size))}.e-con-inner>.elementor-widget-spacer.elementor-widget-empty,.e-con>.elementor-widget-spacer.elementor-widget-empty{position:relative;min-height:22px;min-width:22px}.e-con-inner>.elementor-widget-spacer.elementor-widget-empty .elementor-widget-empty-icon,.e-con>.elementor-widget-spacer.elementor-widget-empty .elementor-widget-empty-icon{position:absolute;top:0;bottom:0;left:0;right:0;margin:auto;padding:0;width:22px;height:22px}<\/style>\t\t<div class=\"elementor-spacer\">\n\t\t\t<div class=\"elementor-spacer-inner\"><\/div>\n\t\t<\/div>\n\t\t\t\t<\/div>\n\t\t\t\t<\/div>\n\t\t\t\t<div class=\"elementor-element elementor-element-39bab870 elementor-widget elementor-widget-image\" data-id=\"39bab870\" data-element_type=\"widget\" data-widget_type=\"image.default\">\n\t\t\t\t<div class=\"elementor-widget-container\">\n\t\t\t<style>\/*! elementor - v3.19.0 - 07-02-2024 *\/\n.elementor-widget-image{text-align:center}.elementor-widget-image a{display:inline-block}.elementor-widget-image a img[src$=\".svg\"]{width:48px}.elementor-widget-image img{vertical-align:middle;display:inline-block}<\/style>\t\t\t\t\t\t\t\t\t\t<img fetchpriority=\"high\" decoding=\"async\" width=\"1200\" height=\"600\" src=\"https:\/\/angusdestinationneuroinclusive.com\/wp-content\/uploads\/2024\/04\/ADN_Autiste-Avantages.jpg\" class=\"attachment-full size-full wp-image-178\" alt=\"\" srcset=\"https:\/\/angusdestinationneuroinclusive.com\/wp-content\/uploads\/2024\/04\/ADN_Autiste-Avantages.jpg 1200w, https:\/\/angusdestinationneuroinclusive.com\/wp-content\/uploads\/2024\/04\/ADN_Autiste-Avantages-300x150.jpg 300w, https:\/\/angusdestinationneuroinclusive.com\/wp-content\/uploads\/2024\/04\/ADN_Autiste-Avantages-1024x512.jpg 1024w, https:\/\/angusdestinationneuroinclusive.com\/wp-content\/uploads\/2024\/04\/ADN_Autiste-Avantages-768x384.jpg 768w\" sizes=\"(max-width: 1200px) 100vw, 1200px\" \/>\t\t\t\t\t\t\t\t\t\t\t\t\t<\/div>\n\t\t\t\t<\/div>\n\t\t\t\t<div class=\"elementor-element elementor-element-308b509f elementor-widget elementor-widget-heading\" data-id=\"308b509f\" data-element_type=\"widget\" data-widget_type=\"heading.default\">\n\t\t\t\t<div class=\"elementor-widget-container\">\n\t\t\t<style>\/*! elementor - v3.19.0 - 07-02-2024 *\/\n.elementor-heading-title{padding:0;margin:0;line-height:1}.elementor-widget-heading .elementor-heading-title[class*=elementor-size-]>a{color:inherit;font-size:inherit;line-height:inherit}.elementor-widget-heading .elementor-heading-title.elementor-size-small{font-size:15px}.elementor-widget-heading .elementor-heading-title.elementor-size-medium{font-size:19px}.elementor-widget-heading .elementor-heading-title.elementor-size-large{font-size:29px}.elementor-widget-heading .elementor-heading-title.elementor-size-xl{font-size:39px}.elementor-widget-heading .elementor-heading-title.elementor-size-xxl{font-size:59px}<\/style><h1 class=\"elementor-heading-title elementor-size-default\">Avantages pour les personnes autistes en recherche d'emploi<\/h1>\t\t<\/div>\n\t\t\t\t<\/div>\n\t\t\t\t\t<\/div>\n\t\t\t\t<\/div>\n\t\t<div class=\"elementor-element elementor-element-3efc03d8 e-flex e-con-boxed e-con e-parent\" data-id=\"3efc03d8\" data-element_type=\"container\" data-settings=\"{&quot;content_width&quot;:&quot;boxed&quot;}\" data-core-v316-plus=\"true\">\n\t\t\t\t\t<div class=\"e-con-inner\">\n\t\t<div class=\"elementor-element elementor-element-1c19f1af e-con-full e-flex e-con e-child\" data-id=\"1c19f1af\" data-element_type=\"container\" data-settings=\"{&quot;content_width&quot;:&quot;full&quot;}\">\n\t\t\t\t<div class=\"elementor-element elementor-element-7481ca2 elementor-widget-divider--view-line elementor-widget elementor-widget-divider\" data-id=\"7481ca2\" data-element_type=\"widget\" data-widget_type=\"divider.default\">\n\t\t\t\t<div class=\"elementor-widget-container\">\n\t\t\t<style>\/*! elementor - v3.19.0 - 07-02-2024 *\/\n.elementor-widget-divider{--divider-border-style:none;--divider-border-width:1px;--divider-color:#0c0d0e;--divider-icon-size:20px;--divider-element-spacing:10px;--divider-pattern-height:24px;--divider-pattern-size:20px;--divider-pattern-url:none;--divider-pattern-repeat:repeat-x}.elementor-widget-divider .elementor-divider{display:flex}.elementor-widget-divider .elementor-divider__text{font-size:15px;line-height:1;max-width:95%}.elementor-widget-divider .elementor-divider__element{margin:0 var(--divider-element-spacing);flex-shrink:0}.elementor-widget-divider .elementor-icon{font-size:var(--divider-icon-size)}.elementor-widget-divider .elementor-divider-separator{display:flex;margin:0;direction:ltr}.elementor-widget-divider--view-line_icon .elementor-divider-separator,.elementor-widget-divider--view-line_text .elementor-divider-separator{align-items:center}.elementor-widget-divider--view-line_icon .elementor-divider-separator:after,.elementor-widget-divider--view-line_icon .elementor-divider-separator:before,.elementor-widget-divider--view-line_text .elementor-divider-separator:after,.elementor-widget-divider--view-line_text .elementor-divider-separator:before{display:block;content:\"\";border-block-end:0;flex-grow:1;border-block-start:var(--divider-border-width) var(--divider-border-style) var(--divider-color)}.elementor-widget-divider--element-align-left .elementor-divider .elementor-divider-separator>.elementor-divider__svg:first-of-type{flex-grow:0;flex-shrink:100}.elementor-widget-divider--element-align-left .elementor-divider-separator:before{content:none}.elementor-widget-divider--element-align-left .elementor-divider__element{margin-left:0}.elementor-widget-divider--element-align-right .elementor-divider .elementor-divider-separator>.elementor-divider__svg:last-of-type{flex-grow:0;flex-shrink:100}.elementor-widget-divider--element-align-right .elementor-divider-separator:after{content:none}.elementor-widget-divider--element-align-right .elementor-divider__element{margin-right:0}.elementor-widget-divider--element-align-start .elementor-divider .elementor-divider-separator>.elementor-divider__svg:first-of-type{flex-grow:0;flex-shrink:100}.elementor-widget-divider--element-align-start .elementor-divider-separator:before{content:none}.elementor-widget-divider--element-align-start .elementor-divider__element{margin-inline-start:0}.elementor-widget-divider--element-align-end .elementor-divider .elementor-divider-separator>.elementor-divider__svg:last-of-type{flex-grow:0;flex-shrink:100}.elementor-widget-divider--element-align-end .elementor-divider-separator:after{content:none}.elementor-widget-divider--element-align-end .elementor-divider__element{margin-inline-end:0}.elementor-widget-divider:not(.elementor-widget-divider--view-line_text):not(.elementor-widget-divider--view-line_icon) .elementor-divider-separator{border-block-start:var(--divider-border-width) var(--divider-border-style) var(--divider-color)}.elementor-widget-divider--separator-type-pattern{--divider-border-style:none}.elementor-widget-divider--separator-type-pattern.elementor-widget-divider--view-line .elementor-divider-separator,.elementor-widget-divider--separator-type-pattern:not(.elementor-widget-divider--view-line) .elementor-divider-separator:after,.elementor-widget-divider--separator-type-pattern:not(.elementor-widget-divider--view-line) .elementor-divider-separator:before,.elementor-widget-divider--separator-type-pattern:not([class*=elementor-widget-divider--view]) .elementor-divider-separator{width:100%;min-height:var(--divider-pattern-height);-webkit-mask-size:var(--divider-pattern-size) 100%;mask-size:var(--divider-pattern-size) 100%;-webkit-mask-repeat:var(--divider-pattern-repeat);mask-repeat:var(--divider-pattern-repeat);background-color:var(--divider-color);-webkit-mask-image:var(--divider-pattern-url);mask-image:var(--divider-pattern-url)}.elementor-widget-divider--no-spacing{--divider-pattern-size:auto}.elementor-widget-divider--bg-round{--divider-pattern-repeat:round}.rtl .elementor-widget-divider .elementor-divider__text{direction:rtl}.e-con-inner>.elementor-widget-divider,.e-con>.elementor-widget-divider{width:var(--container-widget-width,100%);--flex-grow:var(--container-widget-flex-grow)}<\/style>\t\t<div class=\"elementor-divider\">\n\t\t\t<span class=\"elementor-divider-separator\">\n\t\t\t\t\t\t<\/span>\n\t\t<\/div>\n\t\t\t\t<\/div>\n\t\t\t\t<\/div>\n\t\t\t\t<div class=\"elementor-element elementor-element-71e22fd0 elementor-widget elementor-widget-text-editor\" data-id=\"71e22fd0\" data-element_type=\"widget\" data-widget_type=\"text-editor.default\">\n\t\t\t\t<div class=\"elementor-widget-container\">\n\t\t\t<style>\/*! elementor - v3.19.0 - 07-02-2024 *\/\n.elementor-widget-text-editor.elementor-drop-cap-view-stacked .elementor-drop-cap{background-color:#69727d;color:#fff}.elementor-widget-text-editor.elementor-drop-cap-view-framed .elementor-drop-cap{color:#69727d;border:3px solid;background-color:transparent}.elementor-widget-text-editor:not(.elementor-drop-cap-view-default) .elementor-drop-cap{margin-top:8px}.elementor-widget-text-editor:not(.elementor-drop-cap-view-default) .elementor-drop-cap-letter{width:1em;height:1em}.elementor-widget-text-editor .elementor-drop-cap{float:left;text-align:center;line-height:1;font-size:50px}.elementor-widget-text-editor .elementor-drop-cap-letter{display:inline-block}<\/style>\t\t\t\t<p>Soutien individualis\u00e9 pour jumeler vos forces et vos besoins avec ceux d\u2019un employeur membre de l\u2019alliance ADN motiv\u00e9 \u00e0 faire de l\u2019embauche neuroinclusive.<\/p>\t\t\t\t\t\t<\/div>\n\t\t\t\t<\/div>\n\t\t\t\t<\/div>\n\t\t<div class=\"elementor-element elementor-element-4183c53b e-con-full e-flex e-con e-child\" data-id=\"4183c53b\" data-element_type=\"container\" data-settings=\"{&quot;content_width&quot;:&quot;full&quot;}\">\n\t\t\t\t<div class=\"elementor-element elementor-element-1255c46b elementor-widget-divider--view-line elementor-widget elementor-widget-divider\" data-id=\"1255c46b\" data-element_type=\"widget\" data-widget_type=\"divider.default\">\n\t\t\t\t<div class=\"elementor-widget-container\">\n\t\t\t\t\t<div class=\"elementor-divider\">\n\t\t\t<span class=\"elementor-divider-separator\">\n\t\t\t\t\t\t<\/span>\n\t\t<\/div>\n\t\t\t\t<\/div>\n\t\t\t\t<\/div>\n\t\t\t\t<div class=\"elementor-element elementor-element-2b04a97b elementor-widget elementor-widget-text-editor\" data-id=\"2b04a97b\" data-element_type=\"widget\" data-widget_type=\"text-editor.default\">\n\t\t\t\t<div class=\"elementor-widget-container\">\n\t\t\t\t\t\t\t<p>Soutien et r\u00e9f\u00e9rence aupr\u00e8s d\u2019organismes d\u2019employabilit\u00e9 partenaires ou de conseillers en emploi pour vous aider \u00e0 d\u00e9crocher et \u00e0 garder un emploi.<\/p>\t\t\t\t\t\t<\/div>\n\t\t\t\t<\/div>\n\t\t\t\t<\/div>\n\t\t<div class=\"elementor-element elementor-element-5bef9f1f e-con-full e-flex e-con e-child\" data-id=\"5bef9f1f\" data-element_type=\"container\" data-settings=\"{&quot;content_width&quot;:&quot;full&quot;}\">\n\t\t\t\t<div class=\"elementor-element elementor-element-21382f03 elementor-widget-divider--view-line elementor-widget elementor-widget-divider\" data-id=\"21382f03\" data-element_type=\"widget\" data-widget_type=\"divider.default\">\n\t\t\t\t<div class=\"elementor-widget-container\">\n\t\t\t\t\t<div class=\"elementor-divider\">\n\t\t\t<span class=\"elementor-divider-separator\">\n\t\t\t\t\t\t<\/span>\n\t\t<\/div>\n\t\t\t\t<\/div>\n\t\t\t\t<\/div>\n\t\t\t\t<div class=\"elementor-element elementor-element-5797e8d8 elementor-widget elementor-widget-text-editor\" data-id=\"5797e8d8\" data-element_type=\"widget\" data-widget_type=\"text-editor.default\">\n\t\t\t\t<div class=\"elementor-widget-container\">\n\t\t\t\t\t\t\t<p>Reconnaissance de vos comp\u00e9tences au travail pour soutenir votre progression professionnelle.<\/p>\t\t\t\t\t\t<\/div>\n\t\t\t\t<\/div>\n\t\t\t\t<\/div>\n\t\t<div class=\"elementor-element elementor-element-b12c9ff e-con-full e-flex e-con e-child\" data-id=\"b12c9ff\" data-element_type=\"container\" data-settings=\"{&quot;content_width&quot;:&quot;full&quot;}\">\n\t\t\t\t<div class=\"elementor-element elementor-element-ba64abf elementor-widget-divider--view-line elementor-widget elementor-widget-divider\" data-id=\"ba64abf\" data-element_type=\"widget\" data-widget_type=\"divider.default\">\n\t\t\t\t<div class=\"elementor-widget-container\">\n\t\t\t\t\t<div class=\"elementor-divider\">\n\t\t\t<span class=\"elementor-divider-separator\">\n\t\t\t\t\t\t<\/span>\n\t\t<\/div>\n\t\t\t\t<\/div>\n\t\t\t\t<\/div>\n\t\t\t\t<div class=\"elementor-element elementor-element-70f0291 elementor-widget elementor-widget-text-editor\" data-id=\"70f0291\" data-element_type=\"widget\" data-widget_type=\"text-editor.default\">\n\t\t\t\t<div class=\"elementor-widget-container\">\n\t\t\t\t\t\t\t<p>Appui pour vous familiariser avec votre nouveau milieu de travail et assumer pleinement votre r\u00f4le<br \/>et vos responsabilit\u00e9s.<\/p>\t\t\t\t\t\t<\/div>\n\t\t\t\t<\/div>\n\t\t\t\t<\/div>\n\t\t\t\t\t<\/div>\n\t\t\t\t<\/div>\n\t\t<div class=\"elementor-element elementor-element-27ba8410 e-flex e-con-boxed e-con e-parent\" data-id=\"27ba8410\" data-element_type=\"container\" data-settings=\"{&quot;content_width&quot;:&quot;boxed&quot;}\" data-core-v316-plus=\"true\">\n\t\t\t\t\t<div class=\"e-con-inner\">\n\t\t\t\t\t<\/div>\n\t\t\t\t<\/div>\n\t\t\t\t<\/div>\n\t\t","protected":false},"excerpt":{"rendered":"<p>Avantages pour les personnes autistes en recherche d&#8217;emploi Soutien individualis\u00e9 pour jumeler vos forces et vos besoins avec ceux d\u2019un employeur membre de l\u2019alliance ADN motiv\u00e9 \u00e0 faire de l\u2019embauche neuroinclusive. Soutien et r\u00e9f\u00e9rence aupr\u00e8s d\u2019organismes d\u2019employabilit\u00e9 partenaires ou de conseillers en emploi pour vous aider \u00e0 d\u00e9crocher et \u00e0 garder un emploi. Reconnaissance de [&hellip;]<\/p>\n","protected":false},"author":1,"featured_media":0,"parent":0,"menu_order":0,"comment_status":"closed","ping_status":"closed","template":"","meta":{"footnotes":""},"class_list":["post-175","page","type-page","status-publish","hentry"],"yoast_head":"<!-- This site is optimized with the Yoast SEO plugin v25.0 - https:\/\/yoast.com\/wordpress\/plugins\/seo\/ -->\n<title>Avantages pour les personnes autistes - Angus Destination Neuroinclusive<\/title>\n<meta name=\"robots\" content=\"index, follow, max-snippet:-1, max-image-preview:large, max-video-preview:-1\" \/>\n<link rel=\"canonical\" href=\"https:\/\/angusdestinationneuroinclusive.com\/index.php\/avantages-pour-les-personnes-autistes\/\" \/>\n<meta property=\"og:locale\" content=\"fr_FR\" \/>\n<meta property=\"og:type\" content=\"article\" \/>\n<meta property=\"og:title\" content=\"Avantages pour les personnes autistes - Angus Destination Neuroinclusive\" \/>\n<meta property=\"og:description\" content=\"Avantages pour les personnes autistes en recherche d&#8217;emploi Soutien individualis\u00e9 pour jumeler vos forces et vos besoins avec ceux d\u2019un employeur membre de l\u2019alliance ADN motiv\u00e9 \u00e0 faire de l\u2019embauche neuroinclusive. Soutien et r\u00e9f\u00e9rence aupr\u00e8s d\u2019organismes d\u2019employabilit\u00e9 partenaires ou de conseillers en emploi pour vous aider \u00e0 d\u00e9crocher et \u00e0 garder un emploi. Reconnaissance de [&hellip;]\" \/>\n<meta property=\"og:url\" content=\"https:\/\/angusdestinationneuroinclusive.com\/index.php\/avantages-pour-les-personnes-autistes\/\" \/>\n<meta property=\"og:site_name\" content=\"Angus Destination Neuroinclusive\" \/>\n<meta property=\"article:modified_time\" content=\"2024-04-09T17:11:01+00:00\" \/>\n<meta property=\"og:image\" content=\"https:\/\/angusdestinationneuroinclusive.com\/wp-content\/uploads\/2024\/04\/ADN_Autiste-Avantages.jpg\" \/>\n<meta name=\"twitter:card\" content=\"summary_large_image\" \/>\n<meta name=\"twitter:label1\" content=\"Dur\u00e9e de lecture estim\u00e9e\" \/>\n\t<meta name=\"twitter:data1\" content=\"1 minute\" \/>\n<script type=\"application\/ld+json\" class=\"yoast-schema-graph\">{\"@context\":\"https:\/\/schema.org\",\"@graph\":[{\"@type\":\"WebPage\",\"@id\":\"https:\/\/angusdestinationneuroinclusive.com\/index.php\/avantages-pour-les-personnes-autistes\/\",\"url\":\"https:\/\/angusdestinationneuroinclusive.com\/index.php\/avantages-pour-les-personnes-autistes\/\",\"name\":\"Avantages pour les personnes autistes - Angus Destination Neuroinclusive\",\"isPartOf\":{\"@id\":\"https:\/\/angusdestinationneuroinclusive.com\/#website\"},\"primaryImageOfPage\":{\"@id\":\"https:\/\/angusdestinationneuroinclusive.com\/index.php\/avantages-pour-les-personnes-autistes\/#primaryimage\"},\"image\":{\"@id\":\"https:\/\/angusdestinationneuroinclusive.com\/index.php\/avantages-pour-les-personnes-autistes\/#primaryimage\"},\"thumbnailUrl\":\"https:\/\/angusdestinationneuroinclusive.com\/wp-content\/uploads\/2024\/04\/ADN_Autiste-Avantages.jpg\",\"datePublished\":\"2024-04-09T17:10:22+00:00\",\"dateModified\":\"2024-04-09T17:11:01+00:00\",\"breadcrumb\":{\"@id\":\"https:\/\/angusdestinationneuroinclusive.com\/index.php\/avantages-pour-les-personnes-autistes\/#breadcrumb\"},\"inLanguage\":\"fr-FR\",\"potentialAction\":[{\"@type\":\"ReadAction\",\"target\":[\"https:\/\/angusdestinationneuroinclusive.com\/index.php\/avantages-pour-les-personnes-autistes\/\"]}]},{\"@type\":\"ImageObject\",\"inLanguage\":\"fr-FR\",\"@id\":\"https:\/\/angusdestinationneuroinclusive.com\/index.php\/avantages-pour-les-personnes-autistes\/#primaryimage\",\"url\":\"https:\/\/angusdestinationneuroinclusive.com\/wp-content\/uploads\/2024\/04\/ADN_Autiste-Avantages.jpg\",\"contentUrl\":\"https:\/\/angusdestinationneuroinclusive.com\/wp-content\/uploads\/2024\/04\/ADN_Autiste-Avantages.jpg\",\"width\":1200,\"height\":600},{\"@type\":\"BreadcrumbList\",\"@id\":\"https:\/\/angusdestinationneuroinclusive.com\/index.php\/avantages-pour-les-personnes-autistes\/#breadcrumb\",\"itemListElement\":[{\"@type\":\"ListItem\",\"position\":1,\"name\":\"Accueil\",\"item\":\"https:\/\/angusdestinationneuroinclusive.com\/\"},{\"@type\":\"ListItem\",\"position\":2,\"name\":\"Avantages pour les personnes autistes\"}]},{\"@type\":\"WebSite\",\"@id\":\"https:\/\/angusdestinationneuroinclusive.com\/#website\",\"url\":\"https:\/\/angusdestinationneuroinclusive.com\/\",\"name\":\"Angus Destination Neuroinclusive\",\"description\":\"\",\"publisher\":{\"@id\":\"https:\/\/angusdestinationneuroinclusive.com\/#organization\"},\"potentialAction\":[{\"@type\":\"SearchAction\",\"target\":{\"@type\":\"EntryPoint\",\"urlTemplate\":\"https:\/\/angusdestinationneuroinclusive.com\/?s={search_term_string}\"},\"query-input\":{\"@type\":\"PropertyValueSpecification\",\"valueRequired\":true,\"valueName\":\"search_term_string\"}}],\"inLanguage\":\"fr-FR\"},{\"@type\":\"Organization\",\"@id\":\"https:\/\/angusdestinationneuroinclusive.com\/#organization\",\"name\":\"Angus Destination Neuroinclusive\",\"url\":\"https:\/\/angusdestinationneuroinclusive.com\/\",\"logo\":{\"@type\":\"ImageObject\",\"inLanguage\":\"fr-FR\",\"@id\":\"https:\/\/angusdestinationneuroinclusive.com\/#\/schema\/logo\/image\/\",\"url\":\"https:\/\/angusdestinationneuroinclusive.com\/wp-content\/uploads\/2024\/02\/ADN_Logo_Petit_Couleur_Horizontal.png\",\"contentUrl\":\"https:\/\/angusdestinationneuroinclusive.com\/wp-content\/uploads\/2024\/02\/ADN_Logo_Petit_Couleur_Horizontal.png\",\"width\":427,\"height\":171,\"caption\":\"Angus Destination Neuroinclusive\"},\"image\":{\"@id\":\"https:\/\/angusdestinationneuroinclusive.com\/#\/schema\/logo\/image\/\"}}]}<\/script>\n<!-- \/ Yoast SEO plugin. -->","yoast_head_json":{"title":"Avantages pour les personnes autistes - Angus Destination Neuroinclusive","robots":{"index":"index","follow":"follow","max-snippet":"max-snippet:-1","max-image-preview":"max-image-preview:large","max-video-preview":"max-video-preview:-1"},"canonical":"https:\/\/angusdestinationneuroinclusive.com\/index.php\/avantages-pour-les-personnes-autistes\/","og_locale":"fr_FR","og_type":"article","og_title":"Avantages pour les personnes autistes - Angus Destination Neuroinclusive","og_description":"Avantages pour les personnes autistes en recherche d&#8217;emploi Soutien individualis\u00e9 pour jumeler vos forces et vos besoins avec ceux d\u2019un employeur membre de l\u2019alliance ADN motiv\u00e9 \u00e0 faire de l\u2019embauche neuroinclusive. Soutien et r\u00e9f\u00e9rence aupr\u00e8s d\u2019organismes d\u2019employabilit\u00e9 partenaires ou de conseillers en emploi pour vous aider \u00e0 d\u00e9crocher et \u00e0 garder un emploi. Reconnaissance de [&hellip;]","og_url":"https:\/\/angusdestinationneuroinclusive.com\/index.php\/avantages-pour-les-personnes-autistes\/","og_site_name":"Angus Destination Neuroinclusive","article_modified_time":"2024-04-09T17:11:01+00:00","og_image":[{"url":"https:\/\/angusdestinationneuroinclusive.com\/wp-content\/uploads\/2024\/04\/ADN_Autiste-Avantages.jpg","type":"","width":"","height":""}],"twitter_card":"summary_large_image","twitter_misc":{"Dur\u00e9e de lecture estim\u00e9e":"1 minute"},"schema":{"@context":"https:\/\/schema.org","@graph":[{"@type":"WebPage","@id":"https:\/\/angusdestinationneuroinclusive.com\/index.php\/avantages-pour-les-personnes-autistes\/","url":"https:\/\/angusdestinationneuroinclusive.com\/index.php\/avantages-pour-les-personnes-autistes\/","name":"Avantages pour les personnes autistes - Angus Destination Neuroinclusive","isPartOf":{"@id":"https:\/\/angusdestinationneuroinclusive.com\/#website"},"primaryImageOfPage":{"@id":"https:\/\/angusdestinationneuroinclusive.com\/index.php\/avantages-pour-les-personnes-autistes\/#primaryimage"},"image":{"@id":"https:\/\/angusdestinationneuroinclusive.com\/index.php\/avantages-pour-les-personnes-autistes\/#primaryimage"},"thumbnailUrl":"https:\/\/angusdestinationneuroinclusive.com\/wp-content\/uploads\/2024\/04\/ADN_Autiste-Avantages.jpg","datePublished":"2024-04-09T17:10:22+00:00","dateModified":"2024-04-09T17:11:01+00:00","breadcrumb":{"@id":"https:\/\/angusdestinationneuroinclusive.com\/index.php\/avantages-pour-les-personnes-autistes\/#breadcrumb"},"inLanguage":"fr-FR","potentialAction":[{"@type":"ReadAction","target":["https:\/\/angusdestinationneuroinclusive.com\/index.php\/avantages-pour-les-personnes-autistes\/"]}]},{"@type":"ImageObject","inLanguage":"fr-FR","@id":"https:\/\/angusdestinationneuroinclusive.com\/index.php\/avantages-pour-les-personnes-autistes\/#primaryimage","url":"https:\/\/angusdestinationneuroinclusive.com\/wp-content\/uploads\/2024\/04\/ADN_Autiste-Avantages.jpg","contentUrl":"https:\/\/angusdestinationneuroinclusive.com\/wp-content\/uploads\/2024\/04\/ADN_Autiste-Avantages.jpg","width":1200,"height":600},{"@type":"BreadcrumbList","@id":"https:\/\/angusdestinationneuroinclusive.com\/index.php\/avantages-pour-les-personnes-autistes\/#breadcrumb","itemListElement":[{"@type":"ListItem","position":1,"name":"Accueil","item":"https:\/\/angusdestinationneuroinclusive.com\/"},{"@type":"ListItem","position":2,"name":"Avantages pour les personnes autistes"}]},{"@type":"WebSite","@id":"https:\/\/angusdestinationneuroinclusive.com\/#website","url":"https:\/\/angusdestinationneuroinclusive.com\/","name":"Angus Destination Neuroinclusive","description":"","publisher":{"@id":"https:\/\/angusdestinationneuroinclusive.com\/#organization"},"potentialAction":[{"@type":"SearchAction","target":{"@type":"EntryPoint","urlTemplate":"https:\/\/angusdestinationneuroinclusive.com\/?s={search_term_string}"},"query-input":{"@type":"PropertyValueSpecification","valueRequired":true,"valueName":"search_term_string"}}],"inLanguage":"fr-FR"},{"@type":"Organization","@id":"https:\/\/angusdestinationneuroinclusive.com\/#organization","name":"Angus Destination Neuroinclusive","url":"https:\/\/angusdestinationneuroinclusive.com\/","logo":{"@type":"ImageObject","inLanguage":"fr-FR","@id":"https:\/\/angusdestinationneuroinclusive.com\/#\/schema\/logo\/image\/","url":"https:\/\/angusdestinationneuroinclusive.com\/wp-content\/uploads\/2024\/02\/ADN_Logo_Petit_Couleur_Horizontal.png","contentUrl":"https:\/\/angusdestinationneuroinclusive.com\/wp-content\/uploads\/2024\/02\/ADN_Logo_Petit_Couleur_Horizontal.png","width":427,"height":171,"caption":"Angus Destination Neuroinclusive"},"image":{"@id":"https:\/\/angusdestinationneuroinclusive.com\/#\/schema\/logo\/image\/"}}]}},"_links":{"self":[{"href":"https:\/\/angusdestinationneuroinclusive.com\/index.php\/wp-json\/wp\/v2\/pages\/175","targetHints":{"allow":["GET"]}}],"collection":[{"href":"https:\/\/angusdestinationneuroinclusive.com\/index.php\/wp-json\/wp\/v2\/pages"}],"about":[{"href":"https:\/\/angusdestinationneuroinclusive.com\/index.php\/wp-json\/wp\/v2\/types\/page"}],"author":[{"embeddable":true,"href":"https:\/\/angusdestinationneuroinclusive.com\/index.php\/wp-json\/wp\/v2\/users\/1"}],"replies":[{"embeddable":true,"href":"https:\/\/angusdestinationneuroinclusive.com\/index.php\/wp-json\/wp\/v2\/comments?post=175"}],"version-history":[{"count":5,"href":"https:\/\/angusdestinationneuroinclusive.com\/index.php\/wp-json\/wp\/v2\/pages\/175\/revisions"}],"predecessor-version":[{"id":181,"href":"https:\/\/angusdestinationneuroinclusive.com\/index.php\/wp-json\/wp\/v2\/pages\/175\/revisions\/181"}],"wp:attachment":[{"href":"https:\/\/angusdestinationneuroinclusive.com\/index.php\/wp-json\/wp\/v2\/media?parent=175"}],"curies":[{"name":"wp","href":"https:\/\/api.w.org\/{rel}","templated":true}]}}