{"id":186,"date":"2024-04-15T14:01:55","date_gmt":"2024-04-15T14:01:55","guid":{"rendered":"https:\/\/angusdestinationneuroinclusive.com\/?page_id=186"},"modified":"2024-04-18T14:25:31","modified_gmt":"2024-04-18T14:25:31","slug":"liens-ressources","status":"publish","type":"page","link":"https:\/\/angusdestinationneuroinclusive.com\/index.php\/liens-ressources\/","title":{"rendered":"Liens-ressources"},"content":{"rendered":"\t\t<div data-elementor-type=\"wp-page\" data-elementor-id=\"186\" class=\"elementor elementor-186\" data-elementor-post-type=\"page\">\n\t\t\t\t<div class=\"elementor-element elementor-element-19ede356 e-flex e-con-boxed e-con e-parent\" data-id=\"19ede356\" data-element_type=\"container\" data-settings=\"{&quot;content_width&quot;:&quot;boxed&quot;}\" data-core-v316-plus=\"true\">\n\t\t\t\t\t<div class=\"e-con-inner\">\n\t\t\t\t\t<\/div>\n\t\t\t\t<\/div>\n\t\t<div class=\"elementor-element elementor-element-f64d096 e-flex e-con-boxed e-con e-parent\" data-id=\"f64d096\" data-element_type=\"container\" data-settings=\"{&quot;content_width&quot;:&quot;boxed&quot;}\" data-core-v316-plus=\"true\">\n\t\t\t\t\t<div class=\"e-con-inner\">\n\t\t\t\t<div class=\"elementor-element elementor-element-2c56774e elementor-widget elementor-widget-spacer\" data-id=\"2c56774e\" data-element_type=\"widget\" data-widget_type=\"spacer.default\">\n\t\t\t\t<div class=\"elementor-widget-container\">\n\t\t\t<style>\/*! elementor - v3.19.0 - 07-02-2024 *\/\n.elementor-column .elementor-spacer-inner{height:var(--spacer-size)}.e-con{--container-widget-width:100%}.e-con-inner>.elementor-widget-spacer,.e-con>.elementor-widget-spacer{width:var(--container-widget-width,var(--spacer-size));--align-self:var(--container-widget-align-self,initial);--flex-shrink:0}.e-con-inner>.elementor-widget-spacer>.elementor-widget-container,.e-con>.elementor-widget-spacer>.elementor-widget-container{height:100%;width:100%}.e-con-inner>.elementor-widget-spacer>.elementor-widget-container>.elementor-spacer,.e-con>.elementor-widget-spacer>.elementor-widget-container>.elementor-spacer{height:100%}.e-con-inner>.elementor-widget-spacer>.elementor-widget-container>.elementor-spacer>.elementor-spacer-inner,.e-con>.elementor-widget-spacer>.elementor-widget-container>.elementor-spacer>.elementor-spacer-inner{height:var(--container-widget-height,var(--spacer-size))}.e-con-inner>.elementor-widget-spacer.elementor-widget-empty,.e-con>.elementor-widget-spacer.elementor-widget-empty{position:relative;min-height:22px;min-width:22px}.e-con-inner>.elementor-widget-spacer.elementor-widget-empty .elementor-widget-empty-icon,.e-con>.elementor-widget-spacer.elementor-widget-empty .elementor-widget-empty-icon{position:absolute;top:0;bottom:0;left:0;right:0;margin:auto;padding:0;width:22px;height:22px}<\/style>\t\t<div class=\"elementor-spacer\">\n\t\t\t<div class=\"elementor-spacer-inner\"><\/div>\n\t\t<\/div>\n\t\t\t\t<\/div>\n\t\t\t\t<\/div>\n\t\t\t\t<div class=\"elementor-element elementor-element-4842e940 elementor-widget elementor-widget-heading\" data-id=\"4842e940\" data-element_type=\"widget\" data-widget_type=\"heading.default\">\n\t\t\t\t<div class=\"elementor-widget-container\">\n\t\t\t<style>\/*! elementor - v3.19.0 - 07-02-2024 *\/\n.elementor-heading-title{padding:0;margin:0;line-height:1}.elementor-widget-heading .elementor-heading-title[class*=elementor-size-]>a{color:inherit;font-size:inherit;line-height:inherit}.elementor-widget-heading .elementor-heading-title.elementor-size-small{font-size:15px}.elementor-widget-heading .elementor-heading-title.elementor-size-medium{font-size:19px}.elementor-widget-heading .elementor-heading-title.elementor-size-large{font-size:29px}.elementor-widget-heading .elementor-heading-title.elementor-size-xl{font-size:39px}.elementor-widget-heading .elementor-heading-title.elementor-size-xxl{font-size:59px}<\/style><h1 class=\"elementor-heading-title elementor-size-default\">Liens-ressources<\/h1>\t\t<\/div>\n\t\t\t\t<\/div>\n\t\t\t\t<div class=\"elementor-element elementor-element-483e2c7 elementor-widget elementor-widget-spacer\" data-id=\"483e2c7\" data-element_type=\"widget\" data-widget_type=\"spacer.default\">\n\t\t\t\t<div class=\"elementor-widget-container\">\n\t\t\t\t\t<div class=\"elementor-spacer\">\n\t\t\t<div class=\"elementor-spacer-inner\"><\/div>\n\t\t<\/div>\n\t\t\t\t<\/div>\n\t\t\t\t<\/div>\n\t\t\t\t\t<\/div>\n\t\t\t\t<\/div>\n\t\t<div class=\"elementor-element elementor-element-293f97f1 e-flex e-con-boxed e-con e-parent\" data-id=\"293f97f1\" data-element_type=\"container\" data-settings=\"{&quot;content_width&quot;:&quot;boxed&quot;}\" data-core-v316-plus=\"true\">\n\t\t\t\t\t<div class=\"e-con-inner\">\n\t\t\t\t<div class=\"elementor-element elementor-element-ccb42ff elementor-cta--layout-image-left elementor-cta--skin-classic elementor-animated-content elementor-bg-transform elementor-bg-transform-zoom-in elementor-widget elementor-widget-call-to-action\" data-id=\"ccb42ff\" data-element_type=\"widget\" data-widget_type=\"call-to-action.default\">\n\t\t\t\t<div class=\"elementor-widget-container\">\n\t\t\t<link rel=\"stylesheet\" href=\"https:\/\/angusdestinationneuroinclusive.com\/wp-content\/plugins\/elementor-pro\/assets\/css\/widget-call-to-action.min.css\">\t\t<div class=\"elementor-cta\">\n\t\t\t\t\t<div class=\"elementor-cta__bg-wrapper\">\n\t\t\t\t<div class=\"elementor-cta__bg elementor-bg\" style=\"background-image: url(https:\/\/angusdestinationneuroinclusive.com\/wp-content\/uploads\/2024\/04\/ADN_Cuisine-1024x512.jpg);\" role=\"img\" aria-label=\"ADN_Cuisine\"><\/div>\n\t\t\t\t<div class=\"elementor-cta__bg-overlay\"><\/div>\n\t\t\t<\/div>\n\t\t\t\t\t\t\t<div class=\"elementor-cta__content\">\n\t\t\t\t\n\t\t\t\t\t\t\t\t\t<h2 class=\"elementor-cta__title elementor-cta__content-item elementor-content-item\">\n\t\t\t\t\t\tVid\u00e9os\t\t\t\t\t<\/h2>\n\t\t\t\t\n\t\t\t\t\t\t\t\t\t<div class=\"elementor-cta__description elementor-cta__content-item elementor-content-item\">\n\t\t\t\t\t\tUne grande vari\u00e9t\u00e9 de vid\u00e9os \u00e0 propos d'\u00c0 pas de g\u00e9ant et de ses partenaires en embauche neuroinclusive est disponible sur la page Vim\u00e9o.\t\t\t\t\t<\/div>\n\t\t\t\t\n\t\t\t\t\t\t\t\t\t<div class=\"elementor-cta__button-wrapper elementor-cta__content-item elementor-content-item \">\n\t\t\t\t\t<a class=\"elementor-cta__button elementor-button elementor-size-sm\" href=\"https:\/\/vimeo.com\/user65291891\" target=\"_blank\">\n\t\t\t\t\t\tCliquer ici\t\t\t\t\t<\/a>\n\t\t\t\t\t<\/div>\n\t\t\t\t\t\t\t<\/div>\n\t\t\t\t\t\t<\/div>\n\t\t\t\t<\/div>\n\t\t\t\t<\/div>\n\t\t\t\t<div class=\"elementor-element elementor-element-38a1290 elementor-widget elementor-widget-spacer\" data-id=\"38a1290\" data-element_type=\"widget\" data-widget_type=\"spacer.default\">\n\t\t\t\t<div class=\"elementor-widget-container\">\n\t\t\t\t\t<div class=\"elementor-spacer\">\n\t\t\t<div class=\"elementor-spacer-inner\"><\/div>\n\t\t<\/div>\n\t\t\t\t<\/div>\n\t\t\t\t<\/div>\n\t\t\t\t\t<\/div>\n\t\t\t\t<\/div>\n\t\t<div class=\"elementor-element elementor-element-310ca9d e-flex e-con-boxed e-con e-parent\" data-id=\"310ca9d\" data-element_type=\"container\" data-settings=\"{&quot;content_width&quot;:&quot;boxed&quot;}\" data-core-v316-plus=\"true\">\n\t\t\t\t\t<div class=\"e-con-inner\">\n\t\t<div class=\"elementor-element elementor-element-1d7579a e-con-full e-flex e-con e-child\" data-id=\"1d7579a\" data-element_type=\"container\" data-settings=\"{&quot;content_width&quot;:&quot;full&quot;}\">\n\t\t\t\t<div class=\"elementor-element elementor-element-361978b elementor-widget elementor-widget-image\" data-id=\"361978b\" data-element_type=\"widget\" data-widget_type=\"image.default\">\n\t\t\t\t<div class=\"elementor-widget-container\">\n\t\t\t<style>\/*! elementor - v3.19.0 - 07-02-2024 *\/\n.elementor-widget-image{text-align:center}.elementor-widget-image a{display:inline-block}.elementor-widget-image a img[src$=\".svg\"]{width:48px}.elementor-widget-image img{vertical-align:middle;display:inline-block}<\/style>\t\t\t\t\t\t\t\t\t\t<img fetchpriority=\"high\" decoding=\"async\" width=\"232\" height=\"300\" src=\"https:\/\/angusdestinationneuroinclusive.com\/wp-content\/uploads\/2024\/04\/ADN_Feuillet.jpg\" class=\"attachment-large size-large wp-image-193\" alt=\"\" \/>\t\t\t\t\t\t\t\t\t\t\t\t\t<\/div>\n\t\t\t\t<\/div>\n\t\t\t\t<div class=\"elementor-element elementor-element-4766afe elementor-widget elementor-widget-heading\" data-id=\"4766afe\" data-element_type=\"widget\" data-widget_type=\"heading.default\">\n\t\t\t\t<div class=\"elementor-widget-container\">\n\t\t\t<h2 class=\"elementor-heading-title elementor-size-default\">Feuillet<\/h2>\t\t<\/div>\n\t\t\t\t<\/div>\n\t\t\t\t<div class=\"elementor-element elementor-element-a2f66b1 elementor-widget elementor-widget-text-editor\" data-id=\"a2f66b1\" data-element_type=\"widget\" data-widget_type=\"text-editor.default\">\n\t\t\t\t<div class=\"elementor-widget-container\">\n\t\t\t<style>\/*! elementor - v3.19.0 - 07-02-2024 *\/\n.elementor-widget-text-editor.elementor-drop-cap-view-stacked .elementor-drop-cap{background-color:#69727d;color:#fff}.elementor-widget-text-editor.elementor-drop-cap-view-framed .elementor-drop-cap{color:#69727d;border:3px solid;background-color:transparent}.elementor-widget-text-editor:not(.elementor-drop-cap-view-default) .elementor-drop-cap{margin-top:8px}.elementor-widget-text-editor:not(.elementor-drop-cap-view-default) .elementor-drop-cap-letter{width:1em;height:1em}.elementor-widget-text-editor .elementor-drop-cap{float:left;text-align:center;line-height:1;font-size:50px}.elementor-widget-text-editor .elementor-drop-cap-letter{display:inline-block}<\/style>\t\t\t\t<p style=\"text-align: center;\">Feuillet d&rsquo;information sur l&rsquo;initiative Angus destination neuroinclusive\u00a0(ADN)<\/p>\t\t\t\t\t\t<\/div>\n\t\t\t\t<\/div>\n\t\t\t\t<div class=\"elementor-element elementor-element-6275c5f elementor-align-center elementor-widget elementor-widget-button\" data-id=\"6275c5f\" data-element_type=\"widget\" data-widget_type=\"button.default\">\n\t\t\t\t<div class=\"elementor-widget-container\">\n\t\t\t\t\t<div class=\"elementor-button-wrapper\">\n\t\t\t<a class=\"elementor-button elementor-button-link elementor-size-sm\" href=\"https:\/\/angusdestinationneuroinclusive.com\/wp-content\/uploads\/2024\/04\/ADN_Feuillet_06-Web.pdf\">\n\t\t\t\t\t\t<span class=\"elementor-button-content-wrapper\">\n\t\t\t\t\t\t<span class=\"elementor-button-text\">T\u00e9l\u00e9charger le feuillet<\/span>\n\t\t<\/span>\n\t\t\t\t\t<\/a>\n\t\t<\/div>\n\t\t\t\t<\/div>\n\t\t\t\t<\/div>\n\t\t\t\t<\/div>\n\t\t<div class=\"elementor-element elementor-element-797912a e-con-full e-flex e-con e-child\" data-id=\"797912a\" data-element_type=\"container\" data-settings=\"{&quot;content_width&quot;:&quot;full&quot;}\">\n\t\t\t\t<div class=\"elementor-element elementor-element-4a270d5 elementor-widget elementor-widget-image\" data-id=\"4a270d5\" data-element_type=\"widget\" data-widget_type=\"image.default\">\n\t\t\t\t<div class=\"elementor-widget-container\">\n\t\t\t\t\t\t\t\t\t\t\t\t\t<img decoding=\"async\" width=\"215\" height=\"300\" src=\"https:\/\/angusdestinationneuroinclusive.com\/wp-content\/uploads\/2024\/04\/ADN_Feuillet_5x7.jpg\" class=\"attachment-large size-large wp-image-194\" alt=\"\" \/>\t\t\t\t\t\t\t\t\t\t\t\t\t<\/div>\n\t\t\t\t<\/div>\n\t\t\t\t<div class=\"elementor-element elementor-element-05fe094 elementor-widget elementor-widget-heading\" data-id=\"05fe094\" data-element_type=\"widget\" data-widget_type=\"heading.default\">\n\t\t\t\t<div class=\"elementor-widget-container\">\n\t\t\t<h2 class=\"elementor-heading-title elementor-size-default\">Encart<\/h2>\t\t<\/div>\n\t\t\t\t<\/div>\n\t\t\t\t<div class=\"elementor-element elementor-element-b270f9a elementor-widget elementor-widget-text-editor\" data-id=\"b270f9a\" data-element_type=\"widget\" data-widget_type=\"text-editor.default\">\n\t\t\t\t<div class=\"elementor-widget-container\">\n\t\t\t\t\t\t\t<p style=\"text-align: center;\">Encart Avantages\u00a0aux entreprises membres de l&rsquo;alliance\u00a0ADN<\/p>\t\t\t\t\t\t<\/div>\n\t\t\t\t<\/div>\n\t\t\t\t<div class=\"elementor-element elementor-element-d05b740 elementor-align-center elementor-widget elementor-widget-button\" data-id=\"d05b740\" data-element_type=\"widget\" data-widget_type=\"button.default\">\n\t\t\t\t<div class=\"elementor-widget-container\">\n\t\t\t\t\t<div class=\"elementor-button-wrapper\">\n\t\t\t<a class=\"elementor-button elementor-button-link elementor-size-sm\" href=\"https:\/\/angusdestinationneuroinclusive.com\/wp-content\/uploads\/2024\/04\/ADN_Feuillet_5x7_02-Web.pdf\">\n\t\t\t\t\t\t<span class=\"elementor-button-content-wrapper\">\n\t\t\t\t\t\t<span class=\"elementor-button-text\">T\u00e9l\u00e9charger l'encart<\/span>\n\t\t<\/span>\n\t\t\t\t\t<\/a>\n\t\t<\/div>\n\t\t\t\t<\/div>\n\t\t\t\t<\/div>\n\t\t\t\t<\/div>\n\t\t<div class=\"elementor-element elementor-element-350bd2a e-con-full e-flex e-con e-child\" data-id=\"350bd2a\" data-element_type=\"container\" data-settings=\"{&quot;content_width&quot;:&quot;full&quot;}\">\n\t\t\t\t<div class=\"elementor-element elementor-element-2a5fd13 elementor-widget elementor-widget-image\" data-id=\"2a5fd13\" data-element_type=\"widget\" data-widget_type=\"image.default\">\n\t\t\t\t<div class=\"elementor-widget-container\">\n\t\t\t\t\t\t\t\t\t\t\t\t\t<img decoding=\"async\" width=\"232\" height=\"300\" src=\"https:\/\/angusdestinationneuroinclusive.com\/wp-content\/uploads\/2024\/04\/ADN_Trousse.jpg\" class=\"attachment-large size-large wp-image-195\" alt=\"\" \/>\t\t\t\t\t\t\t\t\t\t\t\t\t<\/div>\n\t\t\t\t<\/div>\n\t\t\t\t<div class=\"elementor-element elementor-element-6f2ac9c elementor-widget elementor-widget-heading\" data-id=\"6f2ac9c\" data-element_type=\"widget\" data-widget_type=\"heading.default\">\n\t\t\t\t<div class=\"elementor-widget-container\">\n\t\t\t<h2 class=\"elementor-heading-title elementor-size-default\">Trousse<\/h2>\t\t<\/div>\n\t\t\t\t<\/div>\n\t\t\t\t<div class=\"elementor-element elementor-element-8b66617 elementor-widget elementor-widget-text-editor\" data-id=\"8b66617\" data-element_type=\"widget\" data-widget_type=\"text-editor.default\">\n\t\t\t\t<div class=\"elementor-widget-container\">\n\t\t\t\t\t\t\t<p style=\"text-align: center;\">Trousse d&#8217;employabilit\u00e9\u00a0neuroinclusive<\/p>\t\t\t\t\t\t<\/div>\n\t\t\t\t<\/div>\n\t\t\t\t<div class=\"elementor-element elementor-element-088c9ae elementor-align-center elementor-widget elementor-widget-button\" data-id=\"088c9ae\" data-element_type=\"widget\" data-widget_type=\"button.default\">\n\t\t\t\t<div class=\"elementor-widget-container\">\n\t\t\t\t\t<div class=\"elementor-button-wrapper\">\n\t\t\t<a class=\"elementor-button elementor-button-link elementor-size-sm\" href=\"https:\/\/angusdestinationneuroinclusive.com\/wp-content\/uploads\/2024\/04\/ADN_Trousse_20pages_09.pdf\" target=\"_blank\">\n\t\t\t\t\t\t<span class=\"elementor-button-content-wrapper\">\n\t\t\t\t\t\t<span class=\"elementor-button-text\">T\u00e9l\u00e9charger la trousse<\/span>\n\t\t<\/span>\n\t\t\t\t\t<\/a>\n\t\t<\/div>\n\t\t\t\t<\/div>\n\t\t\t\t<\/div>\n\t\t\t\t<\/div>\n\t\t\t\t\t<\/div>\n\t\t\t\t<\/div>\n\t\t\t\t<\/div>\n\t\t","protected":false},"excerpt":{"rendered":"<p>Liens-ressources Vid\u00e9os Une grande vari\u00e9t\u00e9 de vid\u00e9os \u00e0 propos d&rsquo;\u00c0 pas de g\u00e9ant et de ses partenaires en embauche neuroinclusive est disponible sur la page Vim\u00e9o. Cliquer ici Feuillet Feuillet d&rsquo;information sur l&rsquo;initiative Angus destination neuroinclusive\u00a0(ADN) T\u00e9l\u00e9charger le feuillet Encart Encart Avantages\u00a0aux entreprises membres de l&rsquo;alliance\u00a0ADN T\u00e9l\u00e9charger l&rsquo;encart Trousse Trousse d&#8217;employabilit\u00e9\u00a0neuroinclusive T\u00e9l\u00e9charger la trousse<\/p>\n","protected":false},"author":1,"featured_media":0,"parent":0,"menu_order":0,"comment_status":"closed","ping_status":"closed","template":"","meta":{"footnotes":""},"class_list":["post-186","page","type-page","status-publish","hentry"],"yoast_head":"<!-- This site is optimized with the Yoast SEO plugin v25.0 - https:\/\/yoast.com\/wordpress\/plugins\/seo\/ -->\n<title>Liens-ressources - Angus Destination Neuroinclusive<\/title>\n<meta name=\"robots\" content=\"index, follow, max-snippet:-1, max-image-preview:large, max-video-preview:-1\" \/>\n<link rel=\"canonical\" href=\"https:\/\/angusdestinationneuroinclusive.com\/index.php\/liens-ressources\/\" \/>\n<meta property=\"og:locale\" content=\"fr_FR\" \/>\n<meta property=\"og:type\" content=\"article\" \/>\n<meta property=\"og:title\" content=\"Liens-ressources - Angus Destination Neuroinclusive\" \/>\n<meta property=\"og:description\" content=\"Liens-ressources Vid\u00e9os Une grande vari\u00e9t\u00e9 de vid\u00e9os \u00e0 propos d&rsquo;\u00c0 pas de g\u00e9ant et de ses partenaires en embauche neuroinclusive est disponible sur la page Vim\u00e9o. Cliquer ici Feuillet Feuillet d&rsquo;information sur l&rsquo;initiative Angus destination neuroinclusive\u00a0(ADN) T\u00e9l\u00e9charger le feuillet Encart Encart Avantages\u00a0aux entreprises membres de l&rsquo;alliance\u00a0ADN T\u00e9l\u00e9charger l&rsquo;encart Trousse Trousse d&#8217;employabilit\u00e9\u00a0neuroinclusive T\u00e9l\u00e9charger la trousse\" \/>\n<meta property=\"og:url\" content=\"https:\/\/angusdestinationneuroinclusive.com\/index.php\/liens-ressources\/\" \/>\n<meta property=\"og:site_name\" content=\"Angus Destination Neuroinclusive\" \/>\n<meta property=\"article:modified_time\" content=\"2024-04-18T14:25:31+00:00\" \/>\n<meta property=\"og:image\" content=\"https:\/\/angusdestinationneuroinclusive.com\/wp-content\/uploads\/2024\/04\/ADN_Feuillet.jpg\" \/>\n<meta name=\"twitter:card\" content=\"summary_large_image\" \/>\n<meta name=\"twitter:label1\" content=\"Dur\u00e9e de lecture estim\u00e9e\" \/>\n\t<meta name=\"twitter:data1\" content=\"1 minute\" \/>\n<script type=\"application\/ld+json\" class=\"yoast-schema-graph\">{\"@context\":\"https:\/\/schema.org\",\"@graph\":[{\"@type\":\"WebPage\",\"@id\":\"https:\/\/angusdestinationneuroinclusive.com\/index.php\/liens-ressources\/\",\"url\":\"https:\/\/angusdestinationneuroinclusive.com\/index.php\/liens-ressources\/\",\"name\":\"Liens-ressources - Angus Destination Neuroinclusive\",\"isPartOf\":{\"@id\":\"https:\/\/angusdestinationneuroinclusive.com\/#website\"},\"primaryImageOfPage\":{\"@id\":\"https:\/\/angusdestinationneuroinclusive.com\/index.php\/liens-ressources\/#primaryimage\"},\"image\":{\"@id\":\"https:\/\/angusdestinationneuroinclusive.com\/index.php\/liens-ressources\/#primaryimage\"},\"thumbnailUrl\":\"https:\/\/angusdestinationneuroinclusive.com\/wp-content\/uploads\/2024\/04\/ADN_Feuillet.jpg\",\"datePublished\":\"2024-04-15T14:01:55+00:00\",\"dateModified\":\"2024-04-18T14:25:31+00:00\",\"breadcrumb\":{\"@id\":\"https:\/\/angusdestinationneuroinclusive.com\/index.php\/liens-ressources\/#breadcrumb\"},\"inLanguage\":\"fr-FR\",\"potentialAction\":[{\"@type\":\"ReadAction\",\"target\":[\"https:\/\/angusdestinationneuroinclusive.com\/index.php\/liens-ressources\/\"]}]},{\"@type\":\"ImageObject\",\"inLanguage\":\"fr-FR\",\"@id\":\"https:\/\/angusdestinationneuroinclusive.com\/index.php\/liens-ressources\/#primaryimage\",\"url\":\"https:\/\/angusdestinationneuroinclusive.com\/wp-content\/uploads\/2024\/04\/ADN_Feuillet.jpg\",\"contentUrl\":\"https:\/\/angusdestinationneuroinclusive.com\/wp-content\/uploads\/2024\/04\/ADN_Feuillet.jpg\",\"width\":232,\"height\":300},{\"@type\":\"BreadcrumbList\",\"@id\":\"https:\/\/angusdestinationneuroinclusive.com\/index.php\/liens-ressources\/#breadcrumb\",\"itemListElement\":[{\"@type\":\"ListItem\",\"position\":1,\"name\":\"Accueil\",\"item\":\"https:\/\/angusdestinationneuroinclusive.com\/\"},{\"@type\":\"ListItem\",\"position\":2,\"name\":\"Liens-ressources\"}]},{\"@type\":\"WebSite\",\"@id\":\"https:\/\/angusdestinationneuroinclusive.com\/#website\",\"url\":\"https:\/\/angusdestinationneuroinclusive.com\/\",\"name\":\"Angus Destination Neuroinclusive\",\"description\":\"\",\"publisher\":{\"@id\":\"https:\/\/angusdestinationneuroinclusive.com\/#organization\"},\"potentialAction\":[{\"@type\":\"SearchAction\",\"target\":{\"@type\":\"EntryPoint\",\"urlTemplate\":\"https:\/\/angusdestinationneuroinclusive.com\/?s={search_term_string}\"},\"query-input\":{\"@type\":\"PropertyValueSpecification\",\"valueRequired\":true,\"valueName\":\"search_term_string\"}}],\"inLanguage\":\"fr-FR\"},{\"@type\":\"Organization\",\"@id\":\"https:\/\/angusdestinationneuroinclusive.com\/#organization\",\"name\":\"Angus Destination Neuroinclusive\",\"url\":\"https:\/\/angusdestinationneuroinclusive.com\/\",\"logo\":{\"@type\":\"ImageObject\",\"inLanguage\":\"fr-FR\",\"@id\":\"https:\/\/angusdestinationneuroinclusive.com\/#\/schema\/logo\/image\/\",\"url\":\"https:\/\/angusdestinationneuroinclusive.com\/wp-content\/uploads\/2024\/02\/ADN_Logo_Petit_Couleur_Horizontal.png\",\"contentUrl\":\"https:\/\/angusdestinationneuroinclusive.com\/wp-content\/uploads\/2024\/02\/ADN_Logo_Petit_Couleur_Horizontal.png\",\"width\":427,\"height\":171,\"caption\":\"Angus Destination Neuroinclusive\"},\"image\":{\"@id\":\"https:\/\/angusdestinationneuroinclusive.com\/#\/schema\/logo\/image\/\"}}]}<\/script>\n<!-- \/ Yoast SEO plugin. -->","yoast_head_json":{"title":"Liens-ressources - Angus Destination Neuroinclusive","robots":{"index":"index","follow":"follow","max-snippet":"max-snippet:-1","max-image-preview":"max-image-preview:large","max-video-preview":"max-video-preview:-1"},"canonical":"https:\/\/angusdestinationneuroinclusive.com\/index.php\/liens-ressources\/","og_locale":"fr_FR","og_type":"article","og_title":"Liens-ressources - Angus Destination Neuroinclusive","og_description":"Liens-ressources Vid\u00e9os Une grande vari\u00e9t\u00e9 de vid\u00e9os \u00e0 propos d&rsquo;\u00c0 pas de g\u00e9ant et de ses partenaires en embauche neuroinclusive est disponible sur la page Vim\u00e9o. Cliquer ici Feuillet Feuillet d&rsquo;information sur l&rsquo;initiative Angus destination neuroinclusive\u00a0(ADN) T\u00e9l\u00e9charger le feuillet Encart Encart Avantages\u00a0aux entreprises membres de l&rsquo;alliance\u00a0ADN T\u00e9l\u00e9charger l&rsquo;encart Trousse Trousse d&#8217;employabilit\u00e9\u00a0neuroinclusive T\u00e9l\u00e9charger la trousse","og_url":"https:\/\/angusdestinationneuroinclusive.com\/index.php\/liens-ressources\/","og_site_name":"Angus Destination Neuroinclusive","article_modified_time":"2024-04-18T14:25:31+00:00","og_image":[{"url":"https:\/\/angusdestinationneuroinclusive.com\/wp-content\/uploads\/2024\/04\/ADN_Feuillet.jpg","type":"","width":"","height":""}],"twitter_card":"summary_large_image","twitter_misc":{"Dur\u00e9e de lecture estim\u00e9e":"1 minute"},"schema":{"@context":"https:\/\/schema.org","@graph":[{"@type":"WebPage","@id":"https:\/\/angusdestinationneuroinclusive.com\/index.php\/liens-ressources\/","url":"https:\/\/angusdestinationneuroinclusive.com\/index.php\/liens-ressources\/","name":"Liens-ressources - Angus Destination Neuroinclusive","isPartOf":{"@id":"https:\/\/angusdestinationneuroinclusive.com\/#website"},"primaryImageOfPage":{"@id":"https:\/\/angusdestinationneuroinclusive.com\/index.php\/liens-ressources\/#primaryimage"},"image":{"@id":"https:\/\/angusdestinationneuroinclusive.com\/index.php\/liens-ressources\/#primaryimage"},"thumbnailUrl":"https:\/\/angusdestinationneuroinclusive.com\/wp-content\/uploads\/2024\/04\/ADN_Feuillet.jpg","datePublished":"2024-04-15T14:01:55+00:00","dateModified":"2024-04-18T14:25:31+00:00","breadcrumb":{"@id":"https:\/\/angusdestinationneuroinclusive.com\/index.php\/liens-ressources\/#breadcrumb"},"inLanguage":"fr-FR","potentialAction":[{"@type":"ReadAction","target":["https:\/\/angusdestinationneuroinclusive.com\/index.php\/liens-ressources\/"]}]},{"@type":"ImageObject","inLanguage":"fr-FR","@id":"https:\/\/angusdestinationneuroinclusive.com\/index.php\/liens-ressources\/#primaryimage","url":"https:\/\/angusdestinationneuroinclusive.com\/wp-content\/uploads\/2024\/04\/ADN_Feuillet.jpg","contentUrl":"https:\/\/angusdestinationneuroinclusive.com\/wp-content\/uploads\/2024\/04\/ADN_Feuillet.jpg","width":232,"height":300},{"@type":"BreadcrumbList","@id":"https:\/\/angusdestinationneuroinclusive.com\/index.php\/liens-ressources\/#breadcrumb","itemListElement":[{"@type":"ListItem","position":1,"name":"Accueil","item":"https:\/\/angusdestinationneuroinclusive.com\/"},{"@type":"ListItem","position":2,"name":"Liens-ressources"}]},{"@type":"WebSite","@id":"https:\/\/angusdestinationneuroinclusive.com\/#website","url":"https:\/\/angusdestinationneuroinclusive.com\/","name":"Angus Destination Neuroinclusive","description":"","publisher":{"@id":"https:\/\/angusdestinationneuroinclusive.com\/#organization"},"potentialAction":[{"@type":"SearchAction","target":{"@type":"EntryPoint","urlTemplate":"https:\/\/angusdestinationneuroinclusive.com\/?s={search_term_string}"},"query-input":{"@type":"PropertyValueSpecification","valueRequired":true,"valueName":"search_term_string"}}],"inLanguage":"fr-FR"},{"@type":"Organization","@id":"https:\/\/angusdestinationneuroinclusive.com\/#organization","name":"Angus Destination Neuroinclusive","url":"https:\/\/angusdestinationneuroinclusive.com\/","logo":{"@type":"ImageObject","inLanguage":"fr-FR","@id":"https:\/\/angusdestinationneuroinclusive.com\/#\/schema\/logo\/image\/","url":"https:\/\/angusdestinationneuroinclusive.com\/wp-content\/uploads\/2024\/02\/ADN_Logo_Petit_Couleur_Horizontal.png","contentUrl":"https:\/\/angusdestinationneuroinclusive.com\/wp-content\/uploads\/2024\/02\/ADN_Logo_Petit_Couleur_Horizontal.png","width":427,"height":171,"caption":"Angus Destination Neuroinclusive"},"image":{"@id":"https:\/\/angusdestinationneuroinclusive.com\/#\/schema\/logo\/image\/"}}]}},"_links":{"self":[{"href":"https:\/\/angusdestinationneuroinclusive.com\/index.php\/wp-json\/wp\/v2\/pages\/186","targetHints":{"allow":["GET"]}}],"collection":[{"href":"https:\/\/angusdestinationneuroinclusive.com\/index.php\/wp-json\/wp\/v2\/pages"}],"about":[{"href":"https:\/\/angusdestinationneuroinclusive.com\/index.php\/wp-json\/wp\/v2\/types\/page"}],"author":[{"embeddable":true,"href":"https:\/\/angusdestinationneuroinclusive.com\/index.php\/wp-json\/wp\/v2\/users\/1"}],"replies":[{"embeddable":true,"href":"https:\/\/angusdestinationneuroinclusive.com\/index.php\/wp-json\/wp\/v2\/comments?post=186"}],"version-history":[{"count":14,"href":"https:\/\/angusdestinationneuroinclusive.com\/index.php\/wp-json\/wp\/v2\/pages\/186\/revisions"}],"predecessor-version":[{"id":219,"href":"https:\/\/angusdestinationneuroinclusive.com\/index.php\/wp-json\/wp\/v2\/pages\/186\/revisions\/219"}],"wp:attachment":[{"href":"https:\/\/angusdestinationneuroinclusive.com\/index.php\/wp-json\/wp\/v2\/media?parent=186"}],"curies":[{"name":"wp","href":"https:\/\/api.w.org\/{rel}","templated":true}]}}